{"id":29262,"date":"2024-04-02T10:44:02","date_gmt":"2024-04-02T10:44:02","guid":{"rendered":"https:\/\/www.priority-software.com\/hotel-pms-software\/optima-event-management\/"},"modified":"2024-09-18T20:08:00","modified_gmt":"2024-09-18T20:08:00","slug":"optima-event-management","status":"publish","type":"page","link":"https:\/\/www.priority-software.com\/nl\/hotel-pms-software\/optima-event-management\/","title":{"rendered":"Optima Event Management"},"content":{"rendered":"\n<section class=\"side-image-banner has-navigation\">\n\t<div class=\"side-image-banner__main\">\n\t\t<div class=\"container side-image-banner__container\">\n\t\t\t<div class=\"breadcrumbs\" itemscope itemtype=\"http:\/\/schema.org\/BreadcrumbList\"><\/div><!-- .breadcrumbs -->\t\t\t<div class=\"side-image-banner__wrapper\">\n\t\t\t    \t\t\t\t<div class=\"side-image-banner__content-wrapper light-blue\">\n\t\t\t\t\t<div class=\"side-image-banner__content\">\n\t\t\t\t\t\t<h1 class=\"side-image-banner__subtitle \" >\n            Optima Event Management<\/h1><h2 class=\"side-image-banner__title \" >\n            Jouw all-in-one platform voor hotel- en eventbeheer<\/h2><div class=\"side-image-banner__button-wrapper\"><a href=\"https:\/\/www.priority-software.com\/nl\/boek-een-demo\/\" class=\"side-image-banner__button light-blue not-selected\">Plan een demo<\/a><\/div>\t\t\t\t\t<\/div>\n\t\t\t\t<\/div>\n\t\t\t\t<div class=\"side-image-banner__media\">\n                                            <div class=\"mask\"><\/div>\n                        <div class=\"figure light-blue\"><\/div>\n\n                        <img loading=\"lazy\" decoding=\"async\" width=\"700\" height=\"700\" src=\"https:\/\/www.priority-software.com\/wp-content\/uploads\/2024\/04\/hotel-event-01.jpg\" class=\"side-image-banner__image\" alt=\"\" srcset=\"https:\/\/www.priority-software.com\/wp-content\/uploads\/2024\/04\/hotel-event-01.jpg 700w, https:\/\/www.priority-software.com\/wp-content\/uploads\/2024\/04\/hotel-event-01-300x300.jpg 300w\" sizes=\"auto, (max-width: 700px) 100vw, 700px\" title=\"\">                    \t\t\t\t<\/div>\n\t\t\t\t\t\t\t<\/div>\n\t\t<\/div>\n\t<\/div>\n<\/section>\n\n\n<section class=\"left-side-monitor-content\">\n\t<div class=\"container left-side-monitor-content__container js-animate-parent\">\n\t\t\t\t<div class=\"left-side-monitor-content__wrapper js-animate-element\" data-offset=\"-100\">\n\t\t\t<div class=\"left-side-monitor-content__media\">\n\t\t\t\t<div class=\"left-side-monitor-content__media-wrapper\">\n\t\t\t\t\t<div class=\"figure figure-1 blue\"><\/div>\n\t\t\t\t\t<div class=\"figure figure-2 blue\"><\/div>\n\t\t\t\t\t<div class=\"monitor-block\">\n\t\t\t\t\t\t<div class=\"monitor\">\n\t\t\t\t\t\t    \t\t\t\t\t\t        <a data-fslightbox=\"gallery\" href=\"https:\/\/www.priority-software.com\/wp-content\/uploads\/2024\/04\/optima-event.jpg\">\n                                    <img loading=\"lazy\" decoding=\"async\" width=\"1024\" height=\"576\" src=\"https:\/\/www.priority-software.com\/wp-content\/uploads\/2024\/04\/optima-event.jpg\" class=\"attachment-large size-large\" alt=\"\" srcset=\"https:\/\/www.priority-software.com\/wp-content\/uploads\/2024\/04\/optima-event.jpg 1920w, https:\/\/www.priority-software.com\/wp-content\/uploads\/2024\/04\/optima-event-300x169.jpg 300w\" sizes=\"auto, (max-width: 1024px) 100vw, 1024px\" title=\"\">                                <\/a>\n                                \t\t\t\t\t\t    \t\t\t\t\t\t<\/div>\n\t\t\t\t\t\t<div class=\"monitor-bottom\">\n\t\t\t\t\t\t\t<img loading=\"lazy\" decoding=\"async\" src=\"https:\/\/www.priority-software.com\/wp-content\/themes\/wp-rock\/assets\/public\/images\/monitor-bottom.svg\" class=\"\" width=\"432\" height=\"103\" alt=\"Monitor\" title=\"\">\n\t\t\t\t\t\t<\/div>\n\t\t\t\t\t<\/div>\n\t\t\t\t<\/div>\n\t\t\t<\/div>\n\t\t\t<div class=\"left-side-monitor-content__content-wrapper\">\n\t\t\t\t<div class=\"left-side-monitor-content__content\">\n\t\t\t\t\t<h2 class=\"left-side-monitor-content__title \" >\n            Compleet hotel- en evenementbeheer: Van offerte tot factuur<\/h2><div class=\"left-side-monitor-content__text\"><p>Optima Events, volledig ge\u00efntegreerd met Optima PMS, biedt een uitgebreide oplossing voor de planning en uitvoering van evenementen, conferenties, vergaderingen en banketten. Optima Events zorgt voor een naadloze afhandeling van alle aspecten van het evenement, waardoor evenementco\u00f6rdinatoren moeiteloos kamerreserveringen, cateringdiensten en de toewijzing van conferentieruimtes kunnen synchroniseren. Dit vereenvoudigt het planningsproces, vanaf de eerste voorstellen en overeenkomsten tot de uiteindelijke facturatie.<\/p>\n<\/div>\t\t\t\t<\/div>\n\t\t\t<\/div>\n\t\t<\/div>\n\t<\/div>\n<\/section>\n\n\n<section class=\"side-image-content-general side-image-content-general-v5\" data-nitro-exclude>\n\t<div class=\"container side-image-content-general__container side-image-content-general__container-v5 js-animate-parent\">\n\t\t<div class=\"section-wrapper side-image-content-general__wrapper side-image-content-general__wrapper-v5  js-animate-element\" data-offset=\"-100\">\n\t\t\t<div class=\"side-image-content-general__content-wrapper side-image-content-general__content-wrapper-v5 \">\n\t\t\t\t<div class=\"side-image-content-general__content side-image-content-general__content-v5\">\n\t\t\t\t\t<h2 class=\"side-image-content-general__subtitle side-image-content-general__subtitle-v5 light-blue \" >\n            Van boardrooms tot balzalen: Beheer eenvoudig verschillende evenementtypes en -groottes<\/h2><div class=\"side-image-content-general__text side-image-content-general__text-v5 all light-blue\"><p>Optima Events biedt onge\u00ebvenaarde flexibiliteit bij het boeken en beheren van diverse soorten evenementen, van professionele seminars en zakelijke bijeenkomsten tot persoonlijke aangelegenheden zoals familiefeesten en bruiloften. Het systeem ondersteunt meerdere boeking statussen, zoals opties, wachtlijsten, en voorlopige of gegarandeerde reserveringen, compleet met gedetailleerde specificaties voor volwassenen en kinderen per evenementsegment. Optima Events helpt bij het beheren van complexe configuraties door meerdere kleinere ruimtes samen te voegen tot een enkele zaal, zodat evenementenplanners ruimtes precies kunnen afstemmen op de benodigde schaal voor elke gelegenheid.<\/p>\n<\/div>\t\t\t\t<\/div>\n\t\t\t<\/div>\n\t\t\t\t\t\t<div class=\"side-image-content-general__media side-image-content-general__media-v5 \">\n\t\t\t\t<a data-fslightbox=\"Van boardrooms tot balzalen: Beheer eenvoudig verschillende evenementtypes en -groottes\" href=\"https:\/\/www.priority-software.com\/wp-content\/uploads\/2024\/04\/boardroom-01.jpg\" class=\"\">\n\t\t\t\t\t\t\t\t<span class=\"mask v5 top-right\"><\/span>\n\t\t\t\t\t\t\t\t<span class=\"figure v5 top-right light-blue\"><\/span>\n\t\t\t\t\t\t\t<img loading=\"lazy\" width=\"954\" height=\"537\" src=\"https:\/\/www.priority-software.com\/wp-content\/uploads\/2024\/04\/boardroom-01.jpg\" class=\"side-image-content-general__image side-image-content-general__image-v5\" alt=\"Van boardrooms tot balzalen: Beheer eenvoudig verschillende evenementtypes en -groottes\" decoding=\"async\" srcset=\"https:\/\/www.priority-software.com\/wp-content\/uploads\/2024\/04\/boardroom-01.jpg 954w, https:\/\/www.priority-software.com\/wp-content\/uploads\/2024\/04\/boardroom-01-300x169.jpg 300w\" sizes=\"auto, (max-width: 954px) 100vw, 954px\" title=\"\"><\/a>\t\t\t<\/div>\n\t\t<\/div>\n\t<\/div>\n<\/section>\n\n\n<section class=\"side-image-content-general side-image-content-general-v5\" data-nitro-exclude>\n\t<div class=\"container side-image-content-general__container side-image-content-general__container-v5 js-animate-parent\">\n\t\t<div class=\"section-wrapper side-image-content-general__wrapper side-image-content-general__wrapper-v5 reverse js-animate-element\" data-offset=\"-100\">\n\t\t\t<div class=\"side-image-content-general__content-wrapper side-image-content-general__content-wrapper-v5 reverse\">\n\t\t\t\t<div class=\"side-image-content-general__content side-image-content-general__content-v5\">\n\t\t\t\t\t<h2 class=\"side-image-content-general__subtitle side-image-content-general__subtitle-v5 light-blue \" >\n            Synchroniseer hotel activiteiten  met evenementen<\/h2><div class=\"side-image-content-general__text side-image-content-general__text-v5 all light-blue\"><p>Het synchroniseren van de logistiek van evenementen met andere cruciale hoteloperaties is nog nooit zo eenvoudig geweest. Met Optima Events kunt u zowel conferentie- als accommodatieruimtes in \u00e9\u00e9n reservering vastleggen, waarbij alle bijbehorende kosten\u2014van banketactiviteiten en overnachtingen tot POS-kosten\u2014worden samengevoegd op \u00e9\u00e9n factuur. Hierdoor kunnen hotels de complexiteit van uitgebreide conferentieorganisatie effici\u00ebnt afhandelen, met een real-time overzicht van alle afdelingen die betrokken zijn bij de uitvoering van het evenement.<\/p>\n<\/div>\t\t\t\t<\/div>\n\t\t\t<\/div>\n\t\t\t\t\t\t<div class=\"side-image-content-general__media side-image-content-general__media-v5 reverse\">\n\t\t\t\t<a data-fslightbox=\"Synchroniseer hotel activiteiten  met evenementen\" href=\"https:\/\/www.priority-software.com\/wp-content\/uploads\/2024\/04\/hotel-operation-01.jpg\" class=\"\">\n\t\t\t\t\t\t\t\t<span class=\"mask v5 top-right\"><\/span>\n\t\t\t\t\t\t\t\t<span class=\"figure v5 top-right light-blue\"><\/span>\n\t\t\t\t\t\t\t<img loading=\"lazy\" width=\"954\" height=\"537\" src=\"https:\/\/www.priority-software.com\/wp-content\/uploads\/2024\/04\/hotel-operation-01.jpg\" class=\"side-image-content-general__image side-image-content-general__image-v5\" alt=\"Synchroniseer hotel activiteiten  met evenementen\" decoding=\"async\" srcset=\"https:\/\/www.priority-software.com\/wp-content\/uploads\/2024\/04\/hotel-operation-01.jpg 954w, https:\/\/www.priority-software.com\/wp-content\/uploads\/2024\/04\/hotel-operation-01-300x169.jpg 300w\" sizes=\"auto, (max-width: 954px) 100vw, 954px\" title=\"\"><\/a>\t\t\t<\/div>\n\t\t<\/div>\n\t<\/div>\n<\/section>\n\n\n<section class=\"side-image-content-general side-image-content-general-v5\" data-nitro-exclude>\n\t<div class=\"container side-image-content-general__container side-image-content-general__container-v5 js-animate-parent\">\n\t\t<div class=\"section-wrapper side-image-content-general__wrapper side-image-content-general__wrapper-v5  js-animate-element\" data-offset=\"-100\">\n\t\t\t<div class=\"side-image-content-general__content-wrapper side-image-content-general__content-wrapper-v5 \">\n\t\t\t\t<div class=\"side-image-content-general__content side-image-content-general__content-v5\">\n\t\t\t\t\t<h2 class=\"side-image-content-general__subtitle side-image-content-general__subtitle-v5 light-blue \" >\n            Zorg voor precisie in de co\u00f6rdinatie van maaltijden en banketten<\/h2><div class=\"side-image-content-general__text side-image-content-general__text-v5 all light-blue\"><p>Optima Events biedt een uitgebreide oplossing voor het monitoren en beheren van maaltijd- en snackdiensten binnen het hotel, zowel voor evenement gerelateerde als reguliere gastendiners. Beheer eenvoudig de workflow van maaltijden en de tafelbezetting in alle eetruimtes, inclusief hotel-restaurants en buffetten. Optima Events biedt een overzicht van de operationele status in real-time en de prestaties van het personeel, wat leidt tot een verbeterde servicekwaliteit, geoptimaliseerde effici\u00ebntie in eetruimtes en zorgt ervoor dat zowel gasten als evenementdeelnemers genieten van een soepele eetervaring.<\/p>\n<\/div>\t\t\t\t<\/div>\n\t\t\t<\/div>\n\t\t\t\t\t\t<div class=\"side-image-content-general__media side-image-content-general__media-v5 \">\n\t\t\t\t<a data-fslightbox=\"Zorg voor precisie in de co\u00f6rdinatie van maaltijden en banketten\" href=\"https:\/\/www.priority-software.com\/wp-content\/uploads\/2024\/04\/hotel-food.jpg\" class=\"\">\n\t\t\t\t\t\t\t\t<span class=\"mask v5 top-right\"><\/span>\n\t\t\t\t\t\t\t\t<span class=\"figure v5 top-right light-blue\"><\/span>\n\t\t\t\t\t\t\t<img loading=\"lazy\" width=\"964\" height=\"643\" src=\"https:\/\/www.priority-software.com\/wp-content\/uploads\/2024\/04\/hotel-food.jpg\" class=\"side-image-content-general__image side-image-content-general__image-v5\" alt=\"Zorg voor precisie in de co\u00f6rdinatie van maaltijden en banketten\" decoding=\"async\" srcset=\"https:\/\/www.priority-software.com\/wp-content\/uploads\/2024\/04\/hotel-food.jpg 964w, https:\/\/www.priority-software.com\/wp-content\/uploads\/2024\/04\/hotel-food-300x200.jpg 300w\" sizes=\"auto, (max-width: 964px) 100vw, 964px\" title=\"\"><\/a>\t\t\t<\/div>\n\t\t<\/div>\n\t<\/div>\n<\/section>\n\n\n\n<section class=\"content-columns-with-icons\">\n\t<div class=\"container content-columns-with-icons__container\">\n\t\t<h2 class=\"section-wrapper content-columns-with-icons__title \" >\n            Kenmerken<\/h2>\t\t<div class=\"section-wrapper content-columns-with-icons__wrapper\">\n\t\t\t<div class=\"content-columns-with-icons__card\"><div class=\"content-columns-with-icons__card-heading grid\"><div class=\"content-columns-with-icons__card-icon\"><img loading=\"lazy\" decoding=\"async\" src=\"https:\/\/www.priority-software.com\/wp-content\/uploads\/2023\/11\/lb-114.png\" width=\"219\" height=\"247\" alt=\"\" class=\"\" title=\"\"><\/div><h3 class=\"content-columns-with-icons__card-title\" style=\"color:#5ed0f9;\">Ge\u00efntegreerde reserveringen<\/h2><\/div><p class=\"content-columns-with-icons__card-text\">Combineer reserveringen voor hotelaccommodatie en conferentieruimte in \u00e9\u00e9n boekingsproces.<\/p><\/div><div class=\"content-columns-with-icons__card\"><div class=\"content-columns-with-icons__card-heading grid\"><div class=\"content-columns-with-icons__card-icon\"><img loading=\"lazy\" decoding=\"async\" src=\"https:\/\/www.priority-software.com\/wp-content\/uploads\/2023\/11\/lb-103.png\" width=\"221\" height=\"221\" alt=\"\" class=\"\" title=\"\"><\/div><h3 class=\"content-columns-with-icons__card-title\" style=\"color:#5ed0f9;\">Geconsolideerd evenementfolio<\/h2><\/div><p class=\"content-columns-with-icons__card-text\">E\u00e9n bron voor alle evenementdetails, accommodaties, vergaderruimtes, banketten, maaltijden en extra's.<\/p><\/div><div class=\"content-columns-with-icons__card\"><div class=\"content-columns-with-icons__card-heading grid\"><div class=\"content-columns-with-icons__card-icon\"><img loading=\"lazy\" decoding=\"async\" src=\"https:\/\/www.priority-software.com\/wp-content\/uploads\/2023\/11\/lb-38.png\" width=\"204\" height=\"248\" alt=\"\" class=\"\" title=\"\"><\/div><h3 class=\"content-columns-with-icons__card-title\" style=\"color:#5ed0f9;\">Gecentraliseerde evenementreservering<\/h2><\/div><p class=\"content-columns-with-icons__card-text\">Een enkel systeem voor het reserveren van accommodaties, conferentieruimtes en banketten via \u00e9\u00e9n interface door \u00e9\u00e9n hotelmedewerker.<\/p><\/div><div class=\"content-columns-with-icons__card\"><div class=\"content-columns-with-icons__card-heading grid\"><div class=\"content-columns-with-icons__card-icon\"><img loading=\"lazy\" decoding=\"async\" src=\"https:\/\/www.priority-software.com\/wp-content\/uploads\/2023\/11\/lb-97.png\" width=\"249\" height=\"249\" alt=\"\" class=\"\" title=\"\"><\/div><h3 class=\"content-columns-with-icons__card-title\" style=\"color:#5ed0f9;\">Dynamische ruimteverdeling<\/h2><\/div><p class=\"content-columns-with-icons__card-text\">Beheer en stel limieten in voor de bezetting van eetruimtes om een optimale benutting van de ruimte op elk moment te garanderen.<\/p><\/div><div class=\"content-columns-with-icons__card\"><div class=\"content-columns-with-icons__card-heading grid\"><div class=\"content-columns-with-icons__card-icon\"><img loading=\"lazy\" decoding=\"async\" src=\"https:\/\/www.priority-software.com\/wp-content\/uploads\/2023\/11\/lb-79.png\" width=\"249\" height=\"165\" alt=\"\" class=\"\" title=\"\"><\/div><h3 class=\"content-columns-with-icons__card-title\" style=\"color:#5ed0f9;\">Maaltijdplanning<\/h2><\/div><p class=\"content-columns-with-icons__card-text\">Een uitgebreide maaltijdprognose die rekening houdt met de eetbehoeften van zowel hotelgasten als deelnemers van evenement<\/p><\/div><div class=\"content-columns-with-icons__card\"><div class=\"content-columns-with-icons__card-heading grid\"><div class=\"content-columns-with-icons__card-icon\"><img loading=\"lazy\" decoding=\"async\" src=\"https:\/\/www.priority-software.com\/wp-content\/uploads\/2023\/11\/lb-93.png\" width=\"250\" height=\"250\" alt=\"\" class=\"\" title=\"\"><\/div><h3 class=\"content-columns-with-icons__card-title\" style=\"color:#5ed0f9;\">Documentatie<\/h2><\/div><p class=\"content-columns-with-icons__card-text\">Automatiseer het uitgeven van evenementgerelateerde documenten; offertes, contracten, draaiboeken en meer.<\/p><\/div>\t\t<\/div>\n\t<\/div>\n<\/section>\n\n\n\n<section class=\"book-a-demo\" style=\"background-color:#5ed0f9\" >\n\t<div class=\"container book-a-demo__container\">\n\t\t<div class=\"figure figure-1\"><\/div>\n\t\t<div class=\"figure figure-2\"><\/div>\n\t\t<div class=\"figure figure-3\"><\/div>\n\t\t<div class=\"figure figure-4\"><\/div>\n\t\t<div class=\"figure figure-5\"><\/div>\n\t\t<div class=\"book-a-demo__wrapper\">\n\t\t\t<h2 class=\"book-a-demo__title book-a-demo__title-small\">Wil je Priority in actie zien?<\/h2><div class=\"book-a-demo__button-wrapper\"><a href=\"https:\/\/www.priority-software.com\/nl\/boek-een-demo\/\" aria-label=\"Boek vandaag nog een demo\" class=\"book-a-demo__button arrow-btn\">Boek vandaag nog een demo<\/a><\/div>\t\t<\/div>\n\t<\/div>\n<\/section>\n","protected":false},"excerpt":{"rendered":"","protected":false},"author":58,"featured_media":22603,"parent":10210,"menu_order":0,"comment_status":"closed","ping_status":"closed","template":"","meta":{"_acf_changed":false,"content-type":"","inline_featured_image":false,"footnotes":""},"solutions":[480],"class_list":["post-29262","page","type-page","status-publish","has-post-thumbnail","hentry","solutions-hospitality-management-nl"],"acf":[],"_links":{"self":[{"href":"https:\/\/www.priority-software.com\/nl\/wp-json\/wp\/v2\/pages\/29262","targetHints":{"allow":["GET"]}}],"collection":[{"href":"https:\/\/www.priority-software.com\/nl\/wp-json\/wp\/v2\/pages"}],"about":[{"href":"https:\/\/www.priority-software.com\/nl\/wp-json\/wp\/v2\/types\/page"}],"author":[{"embeddable":true,"href":"https:\/\/www.priority-software.com\/nl\/wp-json\/wp\/v2\/users\/58"}],"replies":[{"embeddable":true,"href":"https:\/\/www.priority-software.com\/nl\/wp-json\/wp\/v2\/comments?post=29262"}],"version-history":[{"count":0,"href":"https:\/\/www.priority-software.com\/nl\/wp-json\/wp\/v2\/pages\/29262\/revisions"}],"up":[{"embeddable":true,"href":"https:\/\/www.priority-software.com\/nl\/wp-json\/wp\/v2\/pages\/10210"}],"wp:featuredmedia":[{"embeddable":true,"href":"https:\/\/www.priority-software.com\/nl\/wp-json\/wp\/v2\/media\/22603"}],"wp:attachment":[{"href":"https:\/\/www.priority-software.com\/nl\/wp-json\/wp\/v2\/media?parent=29262"}],"wp:term":[{"taxonomy":"solutions","embeddable":true,"href":"https:\/\/www.priority-software.com\/nl\/wp-json\/wp\/v2\/solutions?post=29262"}],"curies":[{"name":"wp","href":"https:\/\/api.w.org\/{rel}","templated":true}]}}