{"id":31919,"date":"2024-04-02T10:38:03","date_gmt":"2024-04-02T10:38:03","guid":{"rendered":"https:\/\/www.priority-software.com\/hotel-pms-software\/optima-crm\/"},"modified":"2024-10-09T09:43:53","modified_gmt":"2024-10-09T09:43:53","slug":"optima-crm","status":"publish","type":"page","link":"https:\/\/www.priority-software.com\/nl\/hotel-pms-software\/optima-crm\/","title":{"rendered":"Optima CRM"},"content":{"rendered":"\n<section class=\"side-image-banner has-navigation\">\n\t<div class=\"side-image-banner__main\">\n\t\t<div class=\"container side-image-banner__container\">\n\t\t\t<div class=\"breadcrumbs\" itemscope itemtype=\"http:\/\/schema.org\/BreadcrumbList\"><\/div><!-- .breadcrumbs -->\t\t\t<div class=\"side-image-banner__wrapper\">\n\t\t\t    \t\t\t\t<div class=\"side-image-banner__content-wrapper light-blue\">\n\t\t\t\t\t<div class=\"side-image-banner__content\">\n\t\t\t\t\t\t<h1 class=\"side-image-banner__subtitle \" >\n            Optima CRM <\/h1><h2 class=\"side-image-banner__title \" >\n            Optimaliseer klantrelaties<\/h2><p class=\"side-image-banner__text \" >\n            Beheer jouw meest waardevolle activa strategisch<\/p><div class=\"side-image-banner__button-wrapper\"><a href=\"https:\/\/www.priority-software.com\/nl\/boek-een-demo\/\" class=\"side-image-banner__button light-blue not-selected\">Plan een demo<\/a><\/div>\t\t\t\t\t<\/div>\n\t\t\t\t<\/div>\n\t\t\t\t<div class=\"side-image-banner__media\">\n                                            <div class=\"mask\"><\/div>\n                        <div class=\"figure light-blue\"><\/div>\n\n                        <img loading=\"lazy\" decoding=\"async\" width=\"700\" height=\"700\" src=\"https:\/\/www.priority-software.com\/wp-content\/uploads\/2024\/04\/hotel-desk-01.jpg\" class=\"side-image-banner__image\" alt=\"\" srcset=\"https:\/\/www.priority-software.com\/wp-content\/uploads\/2024\/04\/hotel-desk-01.jpg 700w, https:\/\/www.priority-software.com\/wp-content\/uploads\/2024\/04\/hotel-desk-01-300x300.jpg 300w\" sizes=\"auto, (max-width: 700px) 100vw, 700px\" title=\"\">                    \t\t\t\t<\/div>\n\t\t\t\t\t\t\t<\/div>\n\t\t<\/div>\n\t<\/div>\n<\/section>\n\n\n<section class=\"left-side-monitor-content\">\n\t<div class=\"container left-side-monitor-content__container js-animate-parent\">\n\t\t\t\t<div class=\"left-side-monitor-content__wrapper js-animate-element\" data-offset=\"-100\">\n\t\t\t<div class=\"left-side-monitor-content__media\">\n\t\t\t\t<div class=\"left-side-monitor-content__media-wrapper\">\n\t\t\t\t\t<div class=\"figure figure-1 blue\"><\/div>\n\t\t\t\t\t<div class=\"figure figure-2 blue\"><\/div>\n\t\t\t\t\t<div class=\"monitor-block\">\n\t\t\t\t\t\t<div class=\"monitor\">\n\t\t\t\t\t\t    \t\t\t\t\t\t        <a data-fslightbox=\"gallery\" href=\"https:\/\/www.priority-software.com\/wp-content\/uploads\/2024\/05\/optima-crm-1.jpg\">\n                                    <img loading=\"lazy\" decoding=\"async\" width=\"1024\" height=\"446\" src=\"https:\/\/www.priority-software.com\/wp-content\/uploads\/2024\/05\/optima-crm-1.jpg\" class=\"attachment-large size-large\" alt=\"\" srcset=\"https:\/\/www.priority-software.com\/wp-content\/uploads\/2024\/05\/optima-crm-1.jpg 1876w, https:\/\/www.priority-software.com\/wp-content\/uploads\/2024\/05\/optima-crm-1-300x131.jpg 300w\" sizes=\"auto, (max-width: 1024px) 100vw, 1024px\" title=\"\">                                <\/a>\n                                \t\t\t\t\t\t    \t\t\t\t\t\t<\/div>\n\t\t\t\t\t\t<div class=\"monitor-bottom\">\n\t\t\t\t\t\t\t<img loading=\"lazy\" decoding=\"async\" src=\"https:\/\/www.priority-software.com\/wp-content\/themes\/wp-rock\/assets\/public\/images\/monitor-bottom.svg\" class=\"\" width=\"432\" height=\"103\" alt=\"Monitor\" title=\"\">\n\t\t\t\t\t\t<\/div>\n\t\t\t\t\t<\/div>\n\t\t\t\t<\/div>\n\t\t\t<\/div>\n\t\t\t<div class=\"left-side-monitor-content__content-wrapper\">\n\t\t\t\t<div class=\"left-side-monitor-content__content\">\n\t\t\t\t\t<h2 class=\"left-side-monitor-content__title \" >\n            Verbeterde gastbeleving<\/h2><div class=\"left-side-monitor-content__text\"><p>Krijg een 360-graden overzicht van uw gasten met Optima CRM en verbeter jouw klantrelaties. Optima CRM combineert gast- en klantbeheer, loyaliteitsprogramma's en centrale reserveringssystemen (CRS) in \u00e9\u00e9n ge\u00efntegreerd platform, volledig compatibel met Optima PMS. Het vereenvoudigt het beheer van gast- en klantinteracties, wat resulteert in een superieure dienstverlening en verhoogde inkomsten. Ideaal voor grotere hotelketens, biedt Optima CRM een gespecialiseerde oplossing voor het beheren van complexe <a href=\"https:\/\/www.priority-software.com\/nl\/hotel-pms-software\/\">hospitality-omgevingen<\/a>.<\/p>\n<\/div>\t\t\t\t<\/div>\n\t\t\t<\/div>\n\t\t<\/div>\n\t<\/div>\n<\/section>\n\n\n<section class=\"side-image-content-general side-image-content-general-v5\" data-nitro-exclude>\n\t<div class=\"container side-image-content-general__container side-image-content-general__container-v5 js-animate-parent\">\n\t\t<div class=\"section-wrapper side-image-content-general__wrapper side-image-content-general__wrapper-v5  js-animate-element\" data-offset=\"-100\">\n\t\t\t<div class=\"side-image-content-general__content-wrapper side-image-content-general__content-wrapper-v5 \">\n\t\t\t\t<div class=\"side-image-content-general__content side-image-content-general__content-v5\">\n\t\t\t\t\t<h2 class=\"side-image-content-general__subtitle side-image-content-general__subtitle-v5 light-blue \" >\n            Persoonlijke gastbeleving voor hogere klantuitgaven<\/h2><div class=\"side-image-content-general__text side-image-content-general__text-v5 all light-blue\"><p>Krijg een volledig inzicht in de klantprofielen, inclusief persoonlijke gegevens, voorkeuren, reserveringsgeschiedenis bij alle hotels, activiteit statistieken en meer, vanaf het moment van reserveren. Deze gegevens optimaliseren het verkoopproces en ondersteunen hospitality-teams bij het versterken van de band met gasten door middel van gepersonaliseerde, gerichte marketingstrategie\u00ebn.<\/p>\n<p>Denk hierbij aan kamer- en hotelvoorkeuren, zoals verzoeken voor een hogere verdieping, zeezicht en extra kussens, evenals persoonlijke voorkeuren zoals muziekstijl en eetvoorkeuren.<\/p>\n<p>Deze voorkeuren kunnen worden aangepast aan de categorie\u00ebn die het hotel zelf definieert, zodat marketingactiviteiten nauwkeurig zijn afgestemd op de smaak en interesses van elke gast. De ingebouwde integratie met Optima PMS biedt snelle toegang tot essenti\u00eble schermen en gegevens, wat zorgt voor een consistente, persoonlijke service voor elke gast.<\/p>\n<\/div>\t\t\t\t<\/div>\n\t\t\t<\/div>\n\t\t\t\t\t\t<div class=\"side-image-content-general__media side-image-content-general__media-v5 \">\n\t\t\t\t<a data-fslightbox=\"Persoonlijke gastbeleving voor hogere klantuitgaven\" href=\"https:\/\/www.priority-software.com\/wp-content\/uploads\/2024\/04\/hospitality-01.jpg\" class=\"\">\n\t\t\t\t\t\t\t\t<span class=\"mask v5 top-right\"><\/span>\n\t\t\t\t\t\t\t\t<span class=\"figure v5 top-right light-blue\"><\/span>\n\t\t\t\t\t\t\t<img loading=\"lazy\" width=\"1107\" height=\"743\" src=\"https:\/\/www.priority-software.com\/wp-content\/uploads\/2024\/04\/hospitality-01.jpg\" class=\"side-image-content-general__image side-image-content-general__image-v5\" alt=\"Persoonlijke gastbeleving voor hogere klantuitgaven\" decoding=\"async\" srcset=\"https:\/\/www.priority-software.com\/wp-content\/uploads\/2024\/04\/hospitality-01.jpg 1107w, https:\/\/www.priority-software.com\/wp-content\/uploads\/2024\/04\/hospitality-01-300x201.jpg 300w\" sizes=\"auto, (max-width: 1107px) 100vw, 1107px\" title=\"\"><\/a>\t\t\t<\/div>\n\t\t<\/div>\n\t<\/div>\n<\/section>\n\n\n<section class=\"side-image-content-general side-image-content-general-v5\" data-nitro-exclude>\n\t<div class=\"container side-image-content-general__container side-image-content-general__container-v5 js-animate-parent\">\n\t\t<div class=\"section-wrapper side-image-content-general__wrapper side-image-content-general__wrapper-v5 reverse js-animate-element\" data-offset=\"-100\">\n\t\t\t<div class=\"side-image-content-general__content-wrapper side-image-content-general__content-wrapper-v5 reverse\">\n\t\t\t\t<div class=\"side-image-content-general__content side-image-content-general__content-v5\">\n\t\t\t\t\t<h2 class=\"side-image-content-general__subtitle side-image-content-general__subtitle-v5 light-blue \" >\n            Een enkel, uniform klantoverzicht met Match &#038; Merge-functie<\/h2><div class=\"side-image-content-general__text side-image-content-general__text-v5 all light-blue\"><p>Optima CRM biedt een geavanceerd hulpmiddel voor het behouden van een overzichtelijk hotelbestand. De Match &amp; Merge-functie stelt hotels in staat om specifieke parameters te defini\u00ebren voor het identificeren van mogelijke dubbele gastprofielen, die vervolgens moeiteloos kunnen worden samengevoegd. Dit voorkomt gegevensredundantie en zorgt ervoor dat nieuwe profielen die <a href=\"https:\/\/www.priority-software.com\/nl\/hotel-pms-software\/optima-crm\/\">worden aangemaakt in de CRM<\/a>, CRS of direct in het hotel, snel worden vergeleken met bestaande profielen volgens op maat gemaakte criteria. Hierdoor wordt het gebruik van bestaande profielen bevorderd in plaats van het cre\u00ebren van nieuwe.<\/p>\n<\/div>\t\t\t\t<\/div>\n\t\t\t<\/div>\n\t\t\t\t\t\t<div class=\"side-image-content-general__media side-image-content-general__media-v5 reverse\">\n\t\t\t\t<a data-fslightbox=\"Een enkel, uniform klantoverzicht met Match &#038; Merge-functie\" href=\"https:\/\/www.priority-software.com\/wp-content\/uploads\/2024\/04\/hotel-desk-2-01.jpg\" class=\"\">\n\t\t\t\t\t\t\t\t<span class=\"mask v5 top-right\"><\/span>\n\t\t\t\t\t\t\t\t<span class=\"figure v5 top-right light-blue\"><\/span>\n\t\t\t\t\t\t\t<img loading=\"lazy\" width=\"1107\" height=\"743\" src=\"https:\/\/www.priority-software.com\/wp-content\/uploads\/2024\/04\/hotel-desk-2-01.jpg\" class=\"side-image-content-general__image side-image-content-general__image-v5\" alt=\"Een enkel, uniform klantoverzicht met Match &amp; Merge-functie\" decoding=\"async\" srcset=\"https:\/\/www.priority-software.com\/wp-content\/uploads\/2024\/04\/hotel-desk-2-01.jpg 1107w, https:\/\/www.priority-software.com\/wp-content\/uploads\/2024\/04\/hotel-desk-2-01-300x201.jpg 300w\" sizes=\"auto, (max-width: 1107px) 100vw, 1107px\" title=\"\"><\/a>\t\t\t<\/div>\n\t\t<\/div>\n\t<\/div>\n<\/section>\n\n\n<section class=\"side-image-content-general side-image-content-general-v5\" data-nitro-exclude>\n\t<div class=\"container side-image-content-general__container side-image-content-general__container-v5 js-animate-parent\">\n\t\t<div class=\"section-wrapper side-image-content-general__wrapper side-image-content-general__wrapper-v5  js-animate-element\" data-offset=\"-100\">\n\t\t\t<div class=\"side-image-content-general__content-wrapper side-image-content-general__content-wrapper-v5 \">\n\t\t\t\t<div class=\"side-image-content-general__content side-image-content-general__content-v5\">\n\t\t\t\t\t<h2 class=\"side-image-content-general__subtitle side-image-content-general__subtitle-v5 light-blue \" >\n            Gecentraliseerd beheer van loyaliteitsprogramma's voor clubleden tijdens hotelinteracties<\/h2><div class=\"side-image-content-general__text side-image-content-general__text-v5 all light-blue\"><p>Lanceer loyaliteitsprogramma's die gebruik maken van gecentraliseerde gastprofielen om een uitgebreide klantervaring te bieden. Optima CRM maakt het mogelijk om meerdere loyaliteitsprogramma's tegelijkertijd te beheren, met verschillende logica voor het verzamelen van punten en beloningen. Het systeem configureert automatisch beloningspunten en updates op basis van gastactiviteiten. Optima CRM vereenvoudigt het inwisselproces en maakt het eenvoudig om clubleden in te schrijven via de CRM, <a href=\"https:\/\/www.priority-software.com\/nl\/hotel-pms-software\/optima-cloud-pms\/\">PMS en de hotelwebsite<\/a>. Clubleden kunnen hun punten en lidmaatschapsstatus eenvoudig volgen via de hotelwebsite en worden tijdens elke interactie herkend\u2014of het nu gaat om POS, spa, housekeeping, receptie of CRO\u2014waarbij ze genieten van voordelen en diensten volgens hun loyaliteitsstatus en programma-specificaties.<\/p>\n<\/div>\t\t\t\t<\/div>\n\t\t\t<\/div>\n\t\t\t\t\t\t<div class=\"side-image-content-general__media side-image-content-general__media-v5 \">\n\t\t\t\t<a data-fslightbox=\"Gecentraliseerd beheer van loyaliteitsprogramma's voor clubleden tijdens hotelinteracties\" href=\"https:\/\/www.priority-software.com\/wp-content\/uploads\/2024\/04\/hotel-loyalty-program-01.jpg\" class=\"\">\n\t\t\t\t\t\t\t\t<span class=\"mask v5 top-right\"><\/span>\n\t\t\t\t\t\t\t\t<span class=\"figure v5 top-right light-blue\"><\/span>\n\t\t\t\t\t\t\t<img loading=\"lazy\" width=\"1107\" height=\"743\" src=\"https:\/\/www.priority-software.com\/wp-content\/uploads\/2024\/04\/hotel-loyalty-program-01.jpg\" class=\"side-image-content-general__image side-image-content-general__image-v5\" alt=\"Gecentraliseerd beheer van loyaliteitsprogramma&#039;s voor clubleden tijdens hotelinteracties\" decoding=\"async\" srcset=\"https:\/\/www.priority-software.com\/wp-content\/uploads\/2024\/04\/hotel-loyalty-program-01.jpg 1107w, https:\/\/www.priority-software.com\/wp-content\/uploads\/2024\/04\/hotel-loyalty-program-01-300x201.jpg 300w\" sizes=\"auto, (max-width: 1107px) 100vw, 1107px\" title=\"\"><\/a>\t\t\t<\/div>\n\t\t<\/div>\n\t<\/div>\n<\/section>\n\n\n\n<section class=\"content-columns-with-icons\">\n\t<div class=\"container content-columns-with-icons__container\">\n\t\t<h2 class=\"section-wrapper content-columns-with-icons__title \" >\n            Kenmerken<\/h2>\t\t<div class=\"section-wrapper content-columns-with-icons__wrapper\">\n\t\t\t<div class=\"content-columns-with-icons__card\"><div class=\"content-columns-with-icons__card-heading grid\"><div class=\"content-columns-with-icons__card-icon\"><img loading=\"lazy\" decoding=\"async\" src=\"https:\/\/www.priority-software.com\/wp-content\/uploads\/2023\/11\/lb-47.png\" width=\"253\" height=\"219\" alt=\"\" class=\"\" title=\"\"><\/div><h3 class=\"content-columns-with-icons__card-title\" style=\"color:#5ed0f9;\">Naadloze productintegratie<\/h2><\/div><p class=\"content-columns-with-icons__card-text\">Vlotte werking met alle andere Optima-producten.<\/p><\/div><div class=\"content-columns-with-icons__card\"><div class=\"content-columns-with-icons__card-heading grid\"><div class=\"content-columns-with-icons__card-icon\"><img loading=\"lazy\" decoding=\"async\" src=\"https:\/\/www.priority-software.com\/wp-content\/uploads\/2023\/11\/lb-120.png\" width=\"230\" height=\"227\" alt=\"\" class=\"\" title=\"\"><\/div><h3 class=\"content-columns-with-icons__card-title\" style=\"color:#5ed0f9;\">Beheer van familieleden<\/h2><\/div><p class=\"content-columns-with-icons__card-text\">Biedt gedetailleerde afhandeling van gezinsleden van gasten, waardoor onbeperkt sub-profielen van metgezellen kunnen worden aangemaakt met contact- en lidmaatschapsinformatie.<\/p><\/div><div class=\"content-columns-with-icons__card\"><div class=\"content-columns-with-icons__card-heading grid\"><div class=\"content-columns-with-icons__card-icon\"><img loading=\"lazy\" decoding=\"async\" src=\"https:\/\/www.priority-software.com\/wp-content\/uploads\/2023\/11\/lb-112.png\" width=\"246\" height=\"165\" alt=\"\" class=\"\" title=\"\"><\/div><h3 class=\"content-columns-with-icons__card-title\" style=\"color:#5ed0f9;\">Beheer van clubleden-gegevens<\/h2><\/div><p class=\"content-columns-with-icons__card-text\">Beheer van verblijfs- en omzetinformatie van clubleden, inclusief de berekening van punten en het gebruik ervan als betaalmiddel.<\/p><\/div><div class=\"content-columns-with-icons__card\"><div class=\"content-columns-with-icons__card-heading grid\"><div class=\"content-columns-with-icons__card-icon\"><img loading=\"lazy\" decoding=\"async\" src=\"https:\/\/www.priority-software.com\/wp-content\/uploads\/2023\/11\/lb-79.png\" width=\"249\" height=\"165\" alt=\"\" class=\"\" title=\"\"><\/div><h3 class=\"content-columns-with-icons__card-title\" style=\"color:#5ed0f9;\">Gastclassificatie en segmentatie<\/h2><\/div><p class=\"content-columns-with-icons__card-text\">Op basis van verschillende parameters, gericht op verschillende gasttypen en interesses voor persoonlijke betrokkenheid.<\/p><\/div><div class=\"content-columns-with-icons__card\"><div class=\"content-columns-with-icons__card-heading grid\"><div class=\"content-columns-with-icons__card-icon\"><img loading=\"lazy\" decoding=\"async\" src=\"https:\/\/www.priority-software.com\/wp-content\/uploads\/2023\/11\/lb-51.png\" width=\"244\" height=\"209\" alt=\"\" class=\"\" title=\"\"><\/div><h3 class=\"content-columns-with-icons__card-title\" style=\"color:#5ed0f9;\">Maaltijdplanning<\/h2><\/div><p class=\"content-columns-with-icons__card-text\">Een uitgebreide maaltijdprognose die rekening houdt met de eetwensen van zowel hotelgasten als evenementenbezoekers.<\/p><\/div><div class=\"content-columns-with-icons__card\"><div class=\"content-columns-with-icons__card-heading grid\"><div class=\"content-columns-with-icons__card-icon\"><img loading=\"lazy\" decoding=\"async\" src=\"https:\/\/www.priority-software.com\/wp-content\/uploads\/2023\/11\/lb-1.png\" width=\"230\" height=\"232\" alt=\"\" class=\"\" title=\"\"><\/div><h3 class=\"content-columns-with-icons__card-title\" style=\"color:#5ed0f9;\">Beheer van verkooptaken<\/h2><\/div><p class=\"content-columns-with-icons__card-text\">Wijs taken toe, stel streefdata vast en volg de prestaties, inclusief budget- en doelbeheer op klantniveau met inzichten in de werkelijke prestaties.<\/p><\/div>\t\t<\/div>\n\t<\/div>\n<\/section>\n\n\n\n<section class=\"book-a-demo\" style=\"background-color:#5ed0f9\" >\n\t<div class=\"container book-a-demo__container\">\n\t\t<div class=\"figure figure-1\"><\/div>\n\t\t<div class=\"figure figure-2\"><\/div>\n\t\t<div class=\"figure figure-3\"><\/div>\n\t\t<div class=\"figure figure-4\"><\/div>\n\t\t<div class=\"figure figure-5\"><\/div>\n\t\t<div class=\"book-a-demo__wrapper\">\n\t\t\t<h2 class=\"book-a-demo__title book-a-demo__title-small\">Ontdek hoe Priority voor jou werkt<\/h2><div class=\"book-a-demo__button-wrapper\"><a href=\"https:\/\/www.priority-software.com\/nl\/boek-een-demo\/\" aria-label=\"Boek vandaag nog een demo!\" class=\"book-a-demo__button arrow-btn\">Boek vandaag nog een demo!<\/a><\/div>\t\t<\/div>\n\t<\/div>\n<\/section>\n","protected":false},"excerpt":{"rendered":"","protected":false},"author":58,"featured_media":22598,"parent":10210,"menu_order":0,"comment_status":"closed","ping_status":"closed","template":"","meta":{"_acf_changed":false,"content-type":"","inline_featured_image":false,"footnotes":""},"solutions":[480],"class_list":["post-31919","page","type-page","status-publish","has-post-thumbnail","hentry","solutions-hospitality-management-nl"],"acf":[],"_links":{"self":[{"href":"https:\/\/www.priority-software.com\/nl\/wp-json\/wp\/v2\/pages\/31919","targetHints":{"allow":["GET"]}}],"collection":[{"href":"https:\/\/www.priority-software.com\/nl\/wp-json\/wp\/v2\/pages"}],"about":[{"href":"https:\/\/www.priority-software.com\/nl\/wp-json\/wp\/v2\/types\/page"}],"author":[{"embeddable":true,"href":"https:\/\/www.priority-software.com\/nl\/wp-json\/wp\/v2\/users\/58"}],"replies":[{"embeddable":true,"href":"https:\/\/www.priority-software.com\/nl\/wp-json\/wp\/v2\/comments?post=31919"}],"version-history":[{"count":0,"href":"https:\/\/www.priority-software.com\/nl\/wp-json\/wp\/v2\/pages\/31919\/revisions"}],"up":[{"embeddable":true,"href":"https:\/\/www.priority-software.com\/nl\/wp-json\/wp\/v2\/pages\/10210"}],"wp:featuredmedia":[{"embeddable":true,"href":"https:\/\/www.priority-software.com\/nl\/wp-json\/wp\/v2\/media\/22598"}],"wp:attachment":[{"href":"https:\/\/www.priority-software.com\/nl\/wp-json\/wp\/v2\/media?parent=31919"}],"wp:term":[{"taxonomy":"solutions","embeddable":true,"href":"https:\/\/www.priority-software.com\/nl\/wp-json\/wp\/v2\/solutions?post=31919"}],"curies":[{"name":"wp","href":"https:\/\/api.w.org\/{rel}","templated":true}]}}