{"id":31922,"date":"2024-08-19T15:25:08","date_gmt":"2024-08-19T15:25:08","guid":{"rendered":"https:\/\/www.priority-software.com\/hotel-pms-software\/vacation-resorts\/"},"modified":"2024-11-21T13:35:45","modified_gmt":"2024-11-21T13:35:45","slug":"vacation-resorts","status":"publish","type":"page","link":"https:\/\/www.priority-software.com\/nl\/hotel-pms-software\/vacation-resorts\/","title":{"rendered":"Vakantieresorts"},"content":{"rendered":"\n<section class=\"industry-banner has-navigation\">\n\t<div class=\"container industry-banner__container\">\n\t\t<div class=\"breadcrumbs\" itemscope itemtype=\"http:\/\/schema.org\/BreadcrumbList\"><\/div><!-- .breadcrumbs -->\t\t<div class=\"form-on-dark-bg industry-banner__wrapper\">\n\t\t\t<div class=\"industry-banner__content-wrapper\">\n\t\t\t\t<div class=\"industry-banner__content\">\n\t\t\t\t\t<h1 class=\"industry-banner__title \" >\n            Beheer van Resorts<\/h1><div class=\"industry-banner__text\"><p>Ga voor superieure gasttevredenheid en gestroomlijnde operaties in jouw resort<\/p>\n<\/div><div class=\"industry-banner__button-wrapper\"><a href=\"https:\/\/www.priority-software.com\/nl\/boek-een-demo\/\" class=\"industry-banner__button not-selected\">Een demo plannen<\/a><\/div>\t\t\t\t<\/div>\n\t\t\t<\/div>\n\n\t\t\t<div class=\"industry-banner__media js-iframe-wrapper\">\n                <div class=\"mask\"><\/div>\n\n                <div class=\"industry-banner__frame\"><\/div>\n                <div class=\"industry-banner__iframe js-iframe\"><\/div>\n                                            <div class=\"industry-banner__media-wrapper\">\n                        \n                        <div class=\"industry-banner__image-wrapper\">\n                                                        <picture class=\"industry-banner__image\">\n                                <source srcset=\"https:\/\/www.priority-software.com\/wp-content\/uploads\/2024\/07\/resortview-448x340.jpg\" media=\"(max-width: 375px)\">\n                                <source srcset=\"https:\/\/www.priority-software.com\/wp-content\/uploads\/2024\/07\/resortview-1056x804.jpg\" media=\"(max-width: 570px)\">\n                                <img loading=\"lazy\" decoding=\"async\" src=\"https:\/\/www.priority-software.com\/wp-content\/uploads\/2024\/07\/resortview-1100x732.jpg\" class=\"industry-banner__image\" width=\"1100\" height=\"732\" alt=\"Beheer van Resorts\" title=\"\">\n                            <\/picture>\n                        <\/div>\n                                    <\/div>\n\t\t\t<\/div>\n\t\t\t\t\t<\/div>\n\t<\/div>\n<\/section>\n\n\n\n<section class=\"side-title-content-cta-v3 responsive-column\">\n\t<div class=\"container side-title-content-cta-v3__container js-animate-parent\">\n\t\t<div class=\"side-title-content-cta-v3__wrapper js-animate-element\" data-offset=\"-200\">\n\t\t\t<div class=\"side-title-content-cta-v3__title-wrapper\">\n\t\t\t<h2 class=\"side-title-content-cta-v3__title animation-title malibu not-selected\" >\n            Gespecialiseerd vastgoedbeheer voor verbeterde resortoperaties<\/h2>\t\t\t<\/div>\n\t\t\t<div class=\"side-title-content-cta-v3__content-wrapper\">\n\t\t\t\t<div class=\"side-title-content-cta-v3__content animation-content\">\n\t\t\t\t\t<div class=\"side-title-content-cta-v3__text none\"><p>Priority biedt een uitgebreid Property Management System, speciaal ontworpen voor resorts, dat naadloos en ge\u00efntegreerd beheer van reserveringssystemen, financi\u00eble gegevens, facturatie, housekeeping en veel meer mogelijk maakt. Dit platform is afgestemd op de unieke eisen van resortoperaties, van het beheren van complexe accommodaties, spa-reserveringen, dinerdiensten en evenementen tot het overzien van uitgebreide facilitaire diensten. Het systeem wordt versterkt door realtime analyses en gestroomlijnde workflows, die front- en backofficeprocessen optimaliseren, zorgen voor nauwkeurige kamertoewijzing en effici\u00ebnte dienstverlening. Met mogelijkheden voor dynamische prijsstelling en gepersonaliseerde pakketaanpassing stelt Priority resorts in staat uitzonderlijke gastervaringen te bieden en de omzetgroei te stimuleren door middel van strategisch beheer.<\/p>\n<\/div>\t\t\t\t<\/div>\n                \t\t\t<\/div>\n        <\/div>\n\t<\/div>\n\n<\/section>\n\n\n<section class=\"side-image-content\">\n\t<div class=\"container side-image-content__container js-animate-parent\">\n\t\t<div class=\"side-image-content__wrapper js-animate-element \" data-offset=\"-100\">\n\t\t\t<div class=\"side-image-content__content-wrapper \">\n\t\t\t\t<div class=\"side-image-content__content\">\n\t\t\t\t\t<h2 class=\"h2-title side-image-content__title not-selected\" >\n            Een enkele, gecentraliseerde oplossing voor de uitgebreide operaties van uw resort<\/h2><div class=\"side-image-content__text\"><p>Optima biedt een robuust, ge\u00efntegreerd frontofficesysteem dat realtime monitoring en controle centraliseert over alle resortoperaties. Deze alles-in-\u00e9\u00e9n oplossing omvat meerdere verkooppunten (POS), evenementen, spadiensten en meer, en biedt managers uitgebreide, afdelingsoverschrijdende gegevens van gebieden zoals Food &amp; Beverage en recreatieve activiteiten. Dit stelt managers in staat weloverwogen beslissingen te nemen die de operationele effici\u00ebntie verbeteren, specifieke plannen en pakketten af te stemmen op de behoeften van gasten, en de algehele prestaties aanzienlijk te verhogen.<\/p>\n<\/div>\t\t\t\t<\/div>\n\t\t\t<\/div>\n\t\t\t<div class=\"side-image-content__media \">\n\t\t\t\t\t\t\t\t<div class=\"side-image-content__media-wrapper mask\">\n\t\t\t\t<a data-fslightbox=\"gallery\" href=\"https:\/\/www.priority-software.com\/wp-content\/uploads\/2024\/07\/womenatresort.jpg\"><div class=\"mask\"><\/div><div class=\"figure light-blue\"><\/div><img loading=\"lazy\" decoding=\"async\" src=\"https:\/\/www.priority-software.com\/wp-content\/uploads\/2024\/07\/womenatresort-972x712.jpg\" class=\"light-blue\" width=\"972\" height=\"712\" alt=\"Een enkele, gecentraliseerde oplossing voor de uitgebreide operaties van uw resort\" title=\"\"><\/a>\t\t\t\t<\/div>\n\t\t\t<\/div>\n\t\t<\/div>\n\t<\/div>\n<\/section>\n\n\n<section class=\"side-image-content\">\n\t<div class=\"container side-image-content__container js-animate-parent\">\n\t\t<div class=\"side-image-content__wrapper js-animate-element reverse\" data-offset=\"-100\">\n\t\t\t<div class=\"side-image-content__content-wrapper reverse\">\n\t\t\t\t<div class=\"side-image-content__content\">\n\t\t\t\t\t<h2 class=\"h2-title side-image-content__title not-selected\" >\n            Verhoog de omzet met nauwkeurige rapportage en strategische upselling<\/h2><div class=\"side-image-content__text\"><p>Maak gebruik van uitgebreide gegevens om gepersonaliseerde diensten aan te bieden en de winstgevendheid en betrokkenheid van gasten te maximaliseren. Stroomlijn de generatie van uitgebreide rapporten die kritieke operationele gebieden bestrijken, van gastboekingen tot voorraadbeheer. Deze inzichten helpen bij het identificeren van optimalisatiemogelijkheden binnen hotelprocessen die de omzet aanzienlijk kunnen verhogen. Priority biedt een compleet overzicht van de klantlevenscyclus, waardoor effectieve upsellingtechnieken mogelijk zijn die de omzet verhogen, de gasttevredenheid verbeteren en integreren met toonaangevende online distributiekanalen om de markt blootstelling te vergroten.<\/p>\n<\/div>\t\t\t\t<\/div>\n\t\t\t<\/div>\n\t\t\t<div class=\"side-image-content__media reverse\">\n\t\t\t\t\t\t\t\t<div class=\"side-image-content__media-wrapper mask reverse\">\n\t\t\t\t<a data-fslightbox=\"gallery\" href=\"https:\/\/www.priority-software.com\/wp-content\/uploads\/2024\/07\/resort-recaption.jpg\"><div class=\"mask\"><\/div><div class=\"figure light-blue\"><\/div><img loading=\"lazy\" decoding=\"async\" src=\"https:\/\/www.priority-software.com\/wp-content\/uploads\/2024\/07\/resort-recaption-972x712.jpg\" class=\"light-blue\" width=\"972\" height=\"712\" alt=\"Verhoog de omzet met nauwkeurige rapportage en strategische upselling\" title=\"\"><\/a>\t\t\t\t<\/div>\n\t\t\t<\/div>\n\t\t<\/div>\n\t<\/div>\n<\/section>\n\n\n<section class=\"side-image-content\">\n\t<div class=\"container side-image-content__container js-animate-parent\">\n\t\t<div class=\"side-image-content__wrapper js-animate-element \" data-offset=\"-100\">\n\t\t\t<div class=\"side-image-content__content-wrapper \">\n\t\t\t\t<div class=\"side-image-content__content\">\n\t\t\t\t\t<h2 class=\"h2-title side-image-content__title not-selected\" >\n            Verbeter de ervaring van uw resortgasten<\/h2><div class=\"side-image-content__text\"><p>Voorzie uw personeel van de tools om de wachttijden aanzienlijk te verminderen, superieure service te bieden en gastervaringen over verschillende contactpunten, zoals inchecken, dineren en spadiensten, te stroomlijnen. Transformeer uw resort in een effici\u00ebnt toevluchtsoord waar elke gast zich prioritair en goed verzorgd voelt.<\/p>\n<\/div>\t\t\t\t<\/div>\n\t\t\t<\/div>\n\t\t\t<div class=\"side-image-content__media \">\n\t\t\t\t\t\t\t\t<div class=\"side-image-content__media-wrapper mask\">\n\t\t\t\t<a data-fslightbox=\"gallery\" href=\"https:\/\/www.priority-software.com\/wp-content\/uploads\/2024\/04\/hotel-managment.jpg\"><div class=\"mask\"><\/div><div class=\"figure light-blue\"><\/div><img loading=\"lazy\" decoding=\"async\" src=\"https:\/\/www.priority-software.com\/wp-content\/uploads\/2024\/04\/hotel-managment-972x712.jpg\" class=\"light-blue\" width=\"972\" height=\"712\" alt=\"Verbeter de ervaring van uw resortgasten\" title=\"\"><\/a>\t\t\t\t<\/div>\n\t\t\t<\/div>\n\t\t<\/div>\n\t<\/div>\n<\/section>\n\n\n\n<section class=\"left-side-icon-text-columns\">\n\t<div class=\"container left-side-icon-text-columns__container\">\n\t\t<div class=\"section-wrapper left-side-icon-text-columns__wrapper\">\n\t\t\t<h2 class=\"section-wrapper left-side-icon-text-columns__title \" >\n            Functionaliteiten<\/h2>\t\t\t<div class=\"left-side-icon-text-columns__columns left-side-icon-text-columns__columns-3\">\n\t\t\t<div class=\"left-side-icon-text-columns__card\n                    none-br none\n                         grid left-side-icon-text-columns__card-3\"><div class=\"left-side-icon-text-columns__card-icon\"><img loading=\"lazy\" decoding=\"async\" src=\"https:\/\/www.priority-software.com\/wp-content\/uploads\/2023\/11\/lb-51.png\" width=\"244\" height=\"209\" alt=\"\" class=\"\" title=\"\"><\/div><div class=\"left-side-icon-text-columns__card-text-wrapper\"><div class=\"left-side-icon-text-columns__card-text\"><p>Veelzijdig beheer van plannen en pakketten: Beheer flexibel een onbeperkte verscheidenheid aan gastaccommodatieopties.<\/p>\n<\/div><\/div><\/div><div class=\"left-side-icon-text-columns__card\n                    none-br none\n                         grid left-side-icon-text-columns__card-3\"><div class=\"left-side-icon-text-columns__card-icon\"><img loading=\"lazy\" decoding=\"async\" src=\"https:\/\/www.priority-software.com\/wp-content\/uploads\/2023\/11\/lb-17.png\" width=\"233\" height=\"242\" alt=\"\" class=\"\" title=\"\"><\/div><div class=\"left-side-icon-text-columns__card-text-wrapper\"><div class=\"left-side-icon-text-columns__card-text\"><p>Naadloze online integratie: Directe, tweerichtingsconnectiviteit met toonaangevende internationale verkoopkanalen voor realtime boekingen.<\/p>\n<\/div><\/div><\/div><div class=\"left-side-icon-text-columns__card\n                    none-br none\n                         grid left-side-icon-text-columns__card-3\"><div class=\"left-side-icon-text-columns__card-icon\"><img loading=\"lazy\" decoding=\"async\" src=\"https:\/\/www.priority-software.com\/wp-content\/uploads\/2023\/11\/lb-108.png\" width=\"232\" height=\"213\" alt=\"\" class=\"\" title=\"\"><\/div><div class=\"left-side-icon-text-columns__card-text-wrapper\"><div class=\"left-side-icon-text-columns__card-text\"><p>Dynamische tools voor omzetoptimalisatie: Pas effectieve strategie\u00ebn toe voor omzetbeheer en prijsflexibiliteit.<\/p>\n<\/div><\/div><\/div><div class=\"left-side-icon-text-columns__card\n                    none-br none\n                         grid left-side-icon-text-columns__card-3\"><div class=\"left-side-icon-text-columns__card-icon\"><img loading=\"lazy\" decoding=\"async\" src=\"https:\/\/www.priority-software.com\/wp-content\/uploads\/2023\/11\/lb-104.png\" width=\"240\" height=\"229\" alt=\"\" class=\"\" title=\"\"><\/div><div class=\"left-side-icon-text-columns__card-text-wrapper\"><div class=\"left-side-icon-text-columns__card-text\"><p>Ge\u00efntegreerde gastprofielen: Centraliseer alle gastinformatie voor een samenhangend overzicht van alle interacties.<\/p>\n<\/div><\/div><\/div><div class=\"left-side-icon-text-columns__card\n                    none-br none\n                         grid left-side-icon-text-columns__card-3\"><div class=\"left-side-icon-text-columns__card-icon\"><img loading=\"lazy\" decoding=\"async\" src=\"https:\/\/www.priority-software.com\/wp-content\/uploads\/2023\/11\/lb-69.png\" width=\"244\" height=\"192\" alt=\"\" class=\"\" title=\"\"><\/div><div class=\"left-side-icon-text-columns__card-text-wrapper\"><div class=\"left-side-icon-text-columns__card-text\"><p>Aangepaste promoties: Zet strategisch gerichte aanbevelingen en promoties in om de gastervaring te verbeteren.<\/p>\n<\/div><\/div><\/div><div class=\"left-side-icon-text-columns__card\n                    none-br none\n                         grid left-side-icon-text-columns__card-3\"><div class=\"left-side-icon-text-columns__card-icon\"><img loading=\"lazy\" decoding=\"async\" src=\"https:\/\/www.priority-software.com\/wp-content\/uploads\/2023\/11\/lb-22.png\" width=\"254\" height=\"245\" alt=\"\" class=\"\" title=\"\"><\/div><div class=\"left-side-icon-text-columns__card-text-wrapper\"><div class=\"left-side-icon-text-columns__card-text\"><p>Brede marktplaatsconnectiviteit: Uitgebreide compatibiliteit met een breed scala aan externe programma's, apparaten en apps.<\/p>\n<\/div><\/div><\/div><div class=\"left-side-icon-text-columns__card\n                    none-br none\n                         grid left-side-icon-text-columns__card-3\"><div class=\"left-side-icon-text-columns__card-icon\"><img loading=\"lazy\" decoding=\"async\" src=\"https:\/\/www.priority-software.com\/wp-content\/uploads\/2023\/11\/lb-118.png\" width=\"220\" height=\"247\" alt=\"\" class=\"\" title=\"\"><\/div><div class=\"left-side-icon-text-columns__card-text-wrapper\"><div class=\"left-side-icon-text-columns__card-text\"><p>Flexibele mogelijkheden voor groepsboekingen: Accommodeer groepsreserveringen met aanpasbare opties voor kamertypes, tarieven en aantallen gasten.<\/p>\n<\/div><\/div><\/div>\t\t\t<\/div>\n\t\t<\/div>\n\t<\/div>\n<\/section>\n\n\n\n\n\n\n\n<section class=\"content-section\">\n\t<div class=\"container content-section__container\">\n\t\t<div class=\"section-wrapper content-section__wrapper\">\n\t\t\t<div class=\"content-section__text page-content page-content__page \"><\/div>\n\t\t<\/div>\n\t<\/div>\n<\/section>\n\n\n\n<section class=\"book-a-demo\" style=\"background-color:#5ed0f9\" >\n\t<div class=\"container book-a-demo__container\">\n\t\t<div class=\"figure figure-1\"><\/div>\n\t\t<div class=\"figure figure-2\"><\/div>\n\t\t<div class=\"figure figure-3\"><\/div>\n\t\t<div class=\"figure figure-4\"><\/div>\n\t\t<div class=\"figure figure-5\"><\/div>\n\t\t<div class=\"book-a-demo__wrapper\">\n\t\t\t<h2 class=\"book-a-demo__title book-a-demo__title-small\">Ontdek wat Priority voor jou kan doen!<\/h2><div class=\"book-a-demo__button-wrapper\"><a href=\"https:\/\/www.priority-software.com\/nl\/boek-een-demo\/\" aria-label=\"Boek een demo\" class=\"book-a-demo__button arrow-btn\">Boek een demo<\/a><\/div>\t\t<\/div>\n\t<\/div>\n<\/section>\n","protected":false},"excerpt":{"rendered":"<p>oftware voor het effici\u00ebnt beheren van een uitgebreide portefeuille van verschillende huurwoningen: vakantiewoningen, kleine horecacomplexen en B&#038;B's, inclusief diverse tarieven, diensten, faciliteiten en onderhoud via \u00e9\u00e9n gecentraliseerd beheerplatform dat verbeterde communicatie tussen vastgoedeigenaren en het managementteam mogelijk maakt, administratieve taken vereenvoudigt, complexe workflows stroomlijnt en de operationele effici\u00ebntie verbetert<\/p>\n","protected":false},"author":58,"featured_media":27038,"parent":10210,"menu_order":0,"comment_status":"closed","ping_status":"closed","template":"","meta":{"_acf_changed":false,"content-type":"","inline_featured_image":false,"footnotes":""},"solutions":[480],"class_list":["post-31922","page","type-page","status-publish","has-post-thumbnail","hentry","solutions-hospitality-management-nl"],"acf":[],"_links":{"self":[{"href":"https:\/\/www.priority-software.com\/nl\/wp-json\/wp\/v2\/pages\/31922","targetHints":{"allow":["GET"]}}],"collection":[{"href":"https:\/\/www.priority-software.com\/nl\/wp-json\/wp\/v2\/pages"}],"about":[{"href":"https:\/\/www.priority-software.com\/nl\/wp-json\/wp\/v2\/types\/page"}],"author":[{"embeddable":true,"href":"https:\/\/www.priority-software.com\/nl\/wp-json\/wp\/v2\/users\/58"}],"replies":[{"embeddable":true,"href":"https:\/\/www.priority-software.com\/nl\/wp-json\/wp\/v2\/comments?post=31922"}],"version-history":[{"count":0,"href":"https:\/\/www.priority-software.com\/nl\/wp-json\/wp\/v2\/pages\/31922\/revisions"}],"up":[{"embeddable":true,"href":"https:\/\/www.priority-software.com\/nl\/wp-json\/wp\/v2\/pages\/10210"}],"wp:featuredmedia":[{"embeddable":true,"href":"https:\/\/www.priority-software.com\/nl\/wp-json\/wp\/v2\/media\/27038"}],"wp:attachment":[{"href":"https:\/\/www.priority-software.com\/nl\/wp-json\/wp\/v2\/media?parent=31922"}],"wp:term":[{"taxonomy":"solutions","embeddable":true,"href":"https:\/\/www.priority-software.com\/nl\/wp-json\/wp\/v2\/solutions?post=31922"}],"curies":[{"name":"wp","href":"https:\/\/api.w.org\/{rel}","templated":true}]}}