{"id":31923,"date":"2024-05-07T14:07:25","date_gmt":"2024-05-07T14:07:25","guid":{"rendered":"https:\/\/www.priority-software.com\/hotel-pms-software\/business-hotels\/"},"modified":"2024-12-08T17:33:35","modified_gmt":"2024-12-08T17:33:35","slug":"business-hotels","status":"publish","type":"page","link":"https:\/\/www.priority-software.com\/nl\/hotel-pms-software\/business-hotels\/","title":{"rendered":"Business hotels management"},"content":{"rendered":"\n<section class=\"industry-banner has-navigation\">\n\t<div class=\"container industry-banner__container\">\n\t\t<div class=\"breadcrumbs\" itemscope itemtype=\"http:\/\/schema.org\/BreadcrumbList\"><\/div><!-- .breadcrumbs -->\t\t<div class=\"form-on-dark-bg industry-banner__wrapper\">\n\t\t\t<div class=\"industry-banner__content-wrapper\">\n\t\t\t\t<div class=\"industry-banner__content\">\n\t\t\t\t\t<h1 class=\"industry-banner__title not-selected\" >\n            Beheeroplossing voor zakelijke hotels<\/h1><div class=\"industry-banner__text\"><p>Richt je op zakelijke klanten met naadloze afspraken, aangevuld met boekingen voor evenementen, conferenties en groepen<\/p>\n<\/div><div class=\"industry-banner__button-wrapper\"><a href=\"https:\/\/www.priority-software.com\/nl\/boek-een-demo\/\" class=\"industry-banner__button not-selected\">Boek een demo<\/a><\/div>\t\t\t\t<\/div>\n\t\t\t<\/div>\n\n\t\t\t<div class=\"industry-banner__media js-iframe-wrapper\">\n                <div class=\"mask\"><\/div>\n\n                <div class=\"industry-banner__frame\"><\/div>\n                <div class=\"industry-banner__iframe js-iframe\"><\/div>\n                                            <div class=\"industry-banner__media-wrapper\">\n                        \n                        <div class=\"industry-banner__image-wrapper\">\n                                                        <picture class=\"industry-banner__image\">\n                                <source srcset=\"https:\/\/www.priority-software.com\/wp-content\/uploads\/2024\/04\/hotel-desk-2-01-448x340.jpg\" media=\"(max-width: 375px)\">\n                                <source srcset=\"https:\/\/www.priority-software.com\/wp-content\/uploads\/2024\/04\/hotel-desk-2-01-1056x804.jpg\" media=\"(max-width: 570px)\">\n                                <img loading=\"lazy\" decoding=\"async\" src=\"https:\/\/www.priority-software.com\/wp-content\/uploads\/2024\/04\/hotel-desk-2-01-1100x732.jpg\" class=\"industry-banner__image\" width=\"1100\" height=\"732\" alt=\"Beheeroplossing voor zakelijke hotels\" title=\"\">\n                            <\/picture>\n                        <\/div>\n                                    <\/div>\n\t\t\t<\/div>\n\t\t\t\t\t<\/div>\n\t<\/div>\n<\/section>\n\n\n\n<section class=\"side-title-content-cta-v3 responsive-column\">\n\t<div class=\"container side-title-content-cta-v3__container js-animate-parent\">\n\t\t<div class=\"side-title-content-cta-v3__wrapper js-animate-element\" data-offset=\"-200\">\n\t\t\t<div class=\"side-title-content-cta-v3__title-wrapper\">\n\t\t\t<h2 class=\"side-title-content-cta-v3__title animation-title malibu not-selected\" >\n            Verbeter de bedrijfsgastvrijheid met precisie en schaal<\/h2>\t\t\t<\/div>\n\t\t\t<div class=\"side-title-content-cta-v3__content-wrapper\">\n\t\t\t\t<div class=\"side-title-content-cta-v3__content animation-content\">\n\t\t\t\t\t<div class=\"side-title-content-cta-v3__text none\"><p><a href=\"https:\/\/www.priority-software.com\/nl\/hotel-pms-software\/optima-pms\/\">Optima PMS<\/a> for Business hotels is ontworpen om te voldoen aan de specifieke behoeften van grote hotels in zakensteden en richt zich op zakelijke functionaliteit. Beheer effici\u00ebnt bedrijfsprofielen, inclusief speciale tarieven, toewijzingen, exclusieve aanbiedingen, diensten die exclusief zijn afgestemd op zakelijke gasten en aanpasbare krediet- en betalingsvoorwaarden.<\/p>\n<p>Het PMS beschikt over een geavanceerd reserveringssysteem dat het boekingsproces voor zakenreizigers vereenvoudigt en tegemoet komt aan de eisen van grote groepen en congressen. Het biedt ook extra diensten voor zakelijke gasten, zoals vergaderzalen, conferentiefaciliteiten en aangepaste voorzieningen. Door middel van real-time analyses voor doordachte besluitvorming en de mogelijkheid om transacties met hoge volumes te beheren, optimaliseert Optima PMS de hotelactiviteiten en verbetert het de algemene ervaring voor zakelijke gasten, waardoor een productief en comfortabel bezoek wordt gegarandeerd.<\/p>\n<\/div>\t\t\t\t<\/div>\n                \t\t\t<\/div>\n        <\/div>\n\t<\/div>\n\n<\/section>\n\n\n<section class=\"side-image-content\">\n\t<div class=\"container side-image-content__container js-animate-parent\">\n\t\t<div class=\"side-image-content__wrapper js-animate-element \" data-offset=\"-100\">\n\t\t\t<div class=\"side-image-content__content-wrapper \">\n\t\t\t\t<div class=\"side-image-content__content\">\n\t\t\t\t\t<h2 class=\"h2-title side-image-content__title not-selected\" >\n            Verhoog de hotelinkomsten met krachtige analyses en dynamische prijzen<\/h2><div class=\"side-image-content__text\"><p>Verhoog de omzet door dynamische prijzen te implementeren en inzicht te krijgen in de bezettingsgraad. Met zijn robuuste analyses stelt Optima PMS het hotelmanagement in staat om de kamerprijzen te optimaliseren op basis van rapportage en statistieken.<\/p>\n<p>Het Optima PMS-systeem maakt ook het beheer van zakelijke accounts, groepsreserveringen en conferentieruimten eenvoudig. Door real-time gegevens en prognosetools te bieden, stelt <a href=\"https:\/\/www.priority-software.com\/nl\/hotel-pms-software\/business-hotels\/\">Optima business hotels<\/a> in staat om strategische prijsbeslissingen te nemen, meer klanten aan te trekken en de algemene inkomstenprestaties te verbeteren.<\/p>\n<p>&nbsp;<\/p>\n<\/div>\t\t\t\t<\/div>\n\t\t\t<\/div>\n\t\t\t<div class=\"side-image-content__media \">\n\t\t\t\t\t\t\t\t<div class=\"side-image-content__media-wrapper mask\">\n\t\t\t\t<a data-fslightbox=\"gallery\" href=\"https:\/\/www.priority-software.com\/wp-content\/uploads\/2024\/04\/hotel-desk-01.jpg\"><div class=\"mask\"><\/div><div class=\"figure light-blue\"><\/div><img loading=\"lazy\" decoding=\"async\" src=\"https:\/\/www.priority-software.com\/wp-content\/uploads\/2024\/04\/hotel-desk-01-972x712.jpg\" class=\"light-blue\" width=\"972\" height=\"712\" alt=\"Verhoog de hotelinkomsten met krachtige analyses en dynamische prijzen\" title=\"\"><\/a>\t\t\t\t<\/div>\n\t\t\t<\/div>\n\t\t<\/div>\n\t<\/div>\n<\/section>\n\n\n<section class=\"side-image-content\">\n\t<div class=\"container side-image-content__container js-animate-parent\">\n\t\t<div class=\"side-image-content__wrapper js-animate-element reverse\" data-offset=\"-100\">\n\t\t\t<div class=\"side-image-content__content-wrapper reverse\">\n\t\t\t\t<div class=\"side-image-content__content\">\n\t\t\t\t\t<h2 class=\"h2-title side-image-content__title \" >\n            Beheer van groepsreserveringen en evenementen gemakkelijk gemaakt<\/h2><div class=\"side-image-content__text\"><p>Beheer effici\u00ebnt groepsboekingen en evenementen met behulp van robuuste tools die helpen bij het co\u00f6rdineren van grote boekingen, conferenties en evenementen. Met Optima PMS kunnen reserveringsbundels voor hotelkamers, vergaderzalen en banketservices onder \u00e9\u00e9n reservering gecre\u00eberd worden. Deze functie maakt een nauwkeurige opvolging van de volledige bestelling mogelijk, wat een vlot verloop van het evenement garandeert en de algemene ervaring voor bedrijven, zakenreizigers en deelnemers aan het evenement verbetert.<\/p>\n<\/div>\t\t\t\t<\/div>\n\t\t\t<\/div>\n\t\t\t<div class=\"side-image-content__media reverse\">\n\t\t\t\t\t\t\t\t<div class=\"side-image-content__media-wrapper mask reverse\">\n\t\t\t\t<a data-fslightbox=\"gallery\" href=\"https:\/\/www.priority-software.com\/wp-content\/uploads\/2024\/04\/hotel-event-01.jpg\"><div class=\"mask\"><\/div><div class=\"figure light-blue\"><\/div><img loading=\"lazy\" decoding=\"async\" src=\"https:\/\/www.priority-software.com\/wp-content\/uploads\/2024\/04\/hotel-event-01-972x712.jpg\" class=\"light-blue\" width=\"972\" height=\"712\" alt=\"Beheer van groepsreserveringen en evenementen gemakkelijk gemaakt\" title=\"\"><\/a>\t\t\t\t<\/div>\n\t\t\t<\/div>\n\t\t<\/div>\n\t<\/div>\n<\/section>\n\n\n<section class=\"side-image-content\">\n\t<div class=\"container side-image-content__container js-animate-parent\">\n\t\t<div class=\"side-image-content__wrapper js-animate-element \" data-offset=\"-100\">\n\t\t\t<div class=\"side-image-content__content-wrapper \">\n\t\t\t\t<div class=\"side-image-content__content\">\n\t\t\t\t\t<h2 class=\"h2-title side-image-content__title \" >\n            Beheer van zakelijke accounts<\/h2><div class=\"side-image-content__text\"><p>Optima PMS vereenvoudigt het beheer van bedrijfsaccounts dankzij de gebruiksvriendelijke interface die het boekingsproces stroomlijnt en tegemoetkomt aan diverse bedrijfsbehoeften met gepersonaliseerde factureringsopties. Optima PMS is ontworpen om moeiteloos te voldoen aan de specifieke vereisten van zakelijke klanten en zorgt voor effici\u00ebnte communicatie, aangepaste diensten en transparante transacties.<\/p>\n<\/div>\t\t\t\t<\/div>\n\t\t\t<\/div>\n\t\t\t<div class=\"side-image-content__media \">\n\t\t\t\t\t\t\t\t<div class=\"side-image-content__media-wrapper mask\">\n\t\t\t\t<a data-fslightbox=\"gallery\" href=\"https:\/\/www.priority-software.com\/wp-content\/uploads\/2024\/04\/hotel-management-2.jpg\"><div class=\"mask\"><\/div><div class=\"figure light-blue\"><\/div><img loading=\"lazy\" decoding=\"async\" src=\"https:\/\/www.priority-software.com\/wp-content\/uploads\/2024\/04\/hotel-management-2-972x712.jpg\" class=\"light-blue\" width=\"972\" height=\"712\" alt=\"Beheer van zakelijke accounts\" title=\"\"><\/a>\t\t\t\t<\/div>\n\t\t\t<\/div>\n\t\t<\/div>\n\t<\/div>\n<\/section>\n\n\n\n<section class=\"left-side-icon-text-columns\">\n\t<div class=\"container left-side-icon-text-columns__container\">\n\t\t<div class=\"section-wrapper left-side-icon-text-columns__wrapper\">\n\t\t\t<h2 class=\"section-wrapper left-side-icon-text-columns__title \" >\n            Belangrijkste mogelijkheden<\/h2>\t\t\t<div class=\"left-side-icon-text-columns__columns left-side-icon-text-columns__columns-3\">\n\t\t\t<div class=\"left-side-icon-text-columns__card\n                    none-br none\n                         grid left-side-icon-text-columns__card-3\"><div class=\"left-side-icon-text-columns__card-icon\"><img loading=\"lazy\" decoding=\"async\" src=\"https:\/\/www.priority-software.com\/wp-content\/uploads\/2023\/11\/lb-22.png\" width=\"254\" height=\"245\" alt=\"\" class=\"\" title=\"\"><\/div><div class=\"left-side-icon-text-columns__card-text-wrapper\"><h2 class=\"left-side-icon-text-columns__card-title light-blue\">Naadloos online reserveren<\/h2><div class=\"left-side-icon-text-columns__card-text\"><p>Directe integratie met toonaangevende internationale verkoopkanalen voor realtime online boekingen.<\/p>\n<\/div><\/div><\/div><div class=\"left-side-icon-text-columns__card\n                    none-br none\n                         grid left-side-icon-text-columns__card-3\"><div class=\"left-side-icon-text-columns__card-icon\"><img loading=\"lazy\" decoding=\"async\" src=\"https:\/\/www.priority-software.com\/wp-content\/uploads\/2023\/11\/lb-114.png\" width=\"219\" height=\"247\" alt=\"\" class=\"\" title=\"\"><\/div><div class=\"left-side-icon-text-columns__card-text-wrapper\"><h2 class=\"left-side-icon-text-columns__card-title light-blue\">GDS-connectiviteit<\/h2><div class=\"left-side-icon-text-columns__card-text\"><p>Volledige integratie met wereldwijde distributiesystemen voor een groter bereik, inclusief consortiumdiensten.<\/p>\n<\/div><\/div><\/div><div class=\"left-side-icon-text-columns__card\n                    none-br none\n                         grid left-side-icon-text-columns__card-3\"><div class=\"left-side-icon-text-columns__card-icon\"><img loading=\"lazy\" decoding=\"async\" src=\"https:\/\/www.priority-software.com\/wp-content\/uploads\/2023\/11\/lb-101.png\" width=\"256\" height=\"229\" alt=\"\" class=\"\" title=\"\"><\/div><div class=\"left-side-icon-text-columns__card-text-wrapper\"><h2 class=\"left-side-icon-text-columns__card-title light-blue\">Marketplace<\/h2><div class=\"left-side-icon-text-columns__card-text\"><p>Naadloze integraties met een groot aantal externe programma's, apparaten en apps.<\/p>\n<\/div><\/div><\/div><div class=\"left-side-icon-text-columns__card\n                    none-br none\n                         grid left-side-icon-text-columns__card-3\"><div class=\"left-side-icon-text-columns__card-icon\"><img loading=\"lazy\" decoding=\"async\" src=\"https:\/\/www.priority-software.com\/wp-content\/uploads\/2023\/11\/lb-81.png\" width=\"223\" height=\"192\" alt=\"\" class=\"\" title=\"\"><\/div><div class=\"left-side-icon-text-columns__card-text-wrapper\"><h2 class=\"left-side-icon-text-columns__card-title light-blue\">Gedetailleerde bedrijfsprofielen<\/h2><div class=\"left-side-icon-text-columns__card-text\"><p>Diepgaande registratie en bijhouden van bedrijfsgeschiedenissen en -gegevens.<\/p>\n<\/div><\/div><\/div><div class=\"left-side-icon-text-columns__card\n                    none-br none\n                         grid left-side-icon-text-columns__card-3\"><div class=\"left-side-icon-text-columns__card-icon\"><img loading=\"lazy\" decoding=\"async\" src=\"https:\/\/www.priority-software.com\/wp-content\/uploads\/2023\/11\/lb-94.png\" width=\"257\" height=\"257\" alt=\"\" class=\"\" title=\"\"><\/div><div class=\"left-side-icon-text-columns__card-text-wrapper\"><h2 class=\"left-side-icon-text-columns__card-title light-blue\">Flexibele groeps- en zakelijke reserveringen<\/h2><div class=\"left-side-icon-text-columns__card-text\"><p>Aanpasbare boekingsopties, waaronder variabele kamertypes, aantallen, gasten, plannen, prijzen en statussen.<\/p>\n<\/div><\/div><\/div><div class=\"left-side-icon-text-columns__card\n                    none-br none\n                         grid left-side-icon-text-columns__card-3\"><div class=\"left-side-icon-text-columns__card-icon\"><img loading=\"lazy\" decoding=\"async\" src=\"https:\/\/www.priority-software.com\/wp-content\/uploads\/2023\/11\/lb-56.png\" width=\"248\" height=\"194\" alt=\"\" class=\"\" title=\"\"><\/div><div class=\"left-side-icon-text-columns__card-text-wrapper\"><h2 class=\"left-side-icon-text-columns__card-title light-blue\">Veelzijdige tariefinstelling<\/h2><div class=\"left-side-icon-text-columns__card-text\"><p>Ondersteunt een onbeperkt aantal tarieven en dagtariefconfiguraties.<\/p>\n<\/div><\/div><\/div>\t\t\t<\/div>\n\t\t<\/div>\n\t<\/div>\n<\/section>\n\n\n\n\n\n\n\n<section class=\"book-a-demo\" style=\"background-color:#5ed0f9\" >\n\t<div class=\"container book-a-demo__container\">\n\t\t<div class=\"figure figure-1\"><\/div>\n\t\t<div class=\"figure figure-2\"><\/div>\n\t\t<div class=\"figure figure-3\"><\/div>\n\t\t<div class=\"figure figure-4\"><\/div>\n\t\t<div class=\"figure figure-5\"><\/div>\n\t\t<div class=\"book-a-demo__wrapper\">\n\t\t\t<h2 class=\"book-a-demo__title book-a-demo__title-small\">Ontdek wat Priority voor jouw bedrijf kan doen<\/h2><div class=\"book-a-demo__button-wrapper\"><a href=\"https:\/\/www.priority-software.com\/book-a-demo\/\" aria-label=\"boek vandaag nog een demo\" class=\"book-a-demo__button arrow-btn\">boek vandaag nog een demo<\/a><\/div>\t\t<\/div>\n\t<\/div>\n<\/section>\n","protected":false},"excerpt":{"rendered":"","protected":false},"author":58,"featured_media":22817,"parent":10210,"menu_order":0,"comment_status":"closed","ping_status":"closed","template":"","meta":{"_acf_changed":false,"content-type":"","inline_featured_image":false,"footnotes":""},"solutions":[480],"class_list":["post-31923","page","type-page","status-publish","has-post-thumbnail","hentry","solutions-hospitality-management-nl"],"acf":[],"_links":{"self":[{"href":"https:\/\/www.priority-software.com\/nl\/wp-json\/wp\/v2\/pages\/31923","targetHints":{"allow":["GET"]}}],"collection":[{"href":"https:\/\/www.priority-software.com\/nl\/wp-json\/wp\/v2\/pages"}],"about":[{"href":"https:\/\/www.priority-software.com\/nl\/wp-json\/wp\/v2\/types\/page"}],"author":[{"embeddable":true,"href":"https:\/\/www.priority-software.com\/nl\/wp-json\/wp\/v2\/users\/58"}],"replies":[{"embeddable":true,"href":"https:\/\/www.priority-software.com\/nl\/wp-json\/wp\/v2\/comments?post=31923"}],"version-history":[{"count":0,"href":"https:\/\/www.priority-software.com\/nl\/wp-json\/wp\/v2\/pages\/31923\/revisions"}],"up":[{"embeddable":true,"href":"https:\/\/www.priority-software.com\/nl\/wp-json\/wp\/v2\/pages\/10210"}],"wp:featuredmedia":[{"embeddable":true,"href":"https:\/\/www.priority-software.com\/nl\/wp-json\/wp\/v2\/media\/22817"}],"wp:attachment":[{"href":"https:\/\/www.priority-software.com\/nl\/wp-json\/wp\/v2\/media?parent=31923"}],"wp:term":[{"taxonomy":"solutions","embeddable":true,"href":"https:\/\/www.priority-software.com\/nl\/wp-json\/wp\/v2\/solutions?post=31923"}],"curies":[{"name":"wp","href":"https:\/\/api.w.org\/{rel}","templated":true}]}}